{"id":3820,"date":"2015-09-04T14:09:34","date_gmt":"2015-09-04T12:09:34","guid":{"rendered":"http:\/\/www.sporteventgellivare.com\/en\/?page_id=3820"},"modified":"2016-07-14T11:20:17","modified_gmt":"2016-07-14T09:20:17","slug":"evolution-of-skiing","status":"publish","type":"page","link":"https:\/\/sporteventgellivare.com\/en\/evolution-of-skiing\/","title":{"rendered":"Evolution of Skiing"},"content":{"rendered":"<p><a href=\"http:\/\/sporteventgellivare.com\/wp-content\/uploads\/2013\/05\/evolution.png\"><img loading=\"lazy\" decoding=\"async\" class=\"alignnone size-full wp-image-1739\" title=\"Evolution of Skiing\" src=\"http:\/\/sporteventgellivare.com\/wp-content\/uploads\/2013\/05\/evolution.png\" alt=\"\" width=\"630\" height=\"109\" srcset=\"https:\/\/sporteventgellivare.com\/wp-content\/uploads\/2013\/05\/evolution.png 630w, https:\/\/sporteventgellivare.com\/wp-content\/uploads\/2013\/05\/evolution-300x51.png 300w, https:\/\/sporteventgellivare.com\/wp-content\/uploads\/2013\/05\/evolution-624x107.png 624w\" sizes=\"auto, (max-width: 630px) 100vw, 630px\" \/><\/a><\/p>\n<p><a href=\"http:\/\/sporteventgellivare.com\/wp-content\/uploads\/2013\/05\/1_stenalder2.png\"><img loading=\"lazy\" decoding=\"async\" class=\"alignleft size-full wp-image-1753\" title=\"1_stenalder\" src=\"http:\/\/sporteventgellivare.com\/wp-content\/uploads\/2013\/05\/1_stenalder2.png\" alt=\"\" width=\"34\" height=\"34\" srcset=\"https:\/\/sporteventgellivare.com\/wp-content\/uploads\/2013\/05\/1_stenalder2.png 34w, https:\/\/sporteventgellivare.com\/wp-content\/uploads\/2013\/05\/1_stenalder2-150x150.png 150w\" sizes=\"auto, (max-width: 34px) 100vw, 34px\" \/><\/a>Since 1000 BC, people have been using skis in G\u00e4llivare. See the 3000 year old Suorravuoma skis today in G\u00e4llivare Museum. <a href=\"https:\/\/sporteventgellivare.com\/en\/evolution-of-skiing\/evolution-of-skiing-the-first-skis\/\">The first skis &gt;&gt;<\/a><\/p>\n<p>&nbsp;<\/p>\n<p><a href=\"http:\/\/sporteventgellivare.com\/wp-content\/uploads\/2013\/05\/2_same2.png\"><img loading=\"lazy\" decoding=\"async\" class=\"alignleft size-full wp-image-1757\" title=\"2_same\" src=\"http:\/\/sporteventgellivare.com\/wp-content\/uploads\/2013\/05\/2_same2.png\" alt=\"\" width=\"34\" height=\"34\" srcset=\"https:\/\/sporteventgellivare.com\/wp-content\/uploads\/2013\/05\/2_same2.png 34w, https:\/\/sporteventgellivare.com\/wp-content\/uploads\/2013\/05\/2_same2-150x150.png 150w\" sizes=\"auto, (max-width: 34px) 100vw, 34px\" \/><\/a>The twin cities of G\u00e4llivare-Malmberget are just a few kilometers from Jokkmokk, where the first official Swedish ski competition took place. Nordenski\u00f6ldsloppet, as it was called, was held in 1884, and it was predominantly local Sami people who traversed its 220 kilometers. <a href=\"https:\/\/sporteventgellivare.com\/en\/evolution-of-skiing\/evolution-of-skiing-the-first-competitions\/\">The first competitions &gt;&gt;<\/a><\/p>\n<p>&nbsp;<\/p>\n<p><a href=\"http:\/\/sporteventgellivare.com\/wp-content\/uploads\/2013\/05\/3_moranisse.png\"><img loading=\"lazy\" decoding=\"async\" class=\"alignleft size-full wp-image-1760\" title=\"3_moranisse\" src=\"http:\/\/sporteventgellivare.com\/wp-content\/uploads\/2013\/05\/3_moranisse.png\" alt=\"\" width=\"34\" height=\"34\" srcset=\"https:\/\/sporteventgellivare.com\/wp-content\/uploads\/2013\/05\/3_moranisse.png 34w, https:\/\/sporteventgellivare.com\/wp-content\/uploads\/2013\/05\/3_moranisse-150x150.png 150w\" sizes=\"auto, (max-width: 34px) 100vw, 34px\" \/><\/a>Dundret Runt has seen thousands of participants through the years, and the 48th edition on March 31st of this year saw a record-breaking 1100 people at the starting line in Hellner Stadium. <a href=\"https:\/\/sporteventgellivare.com\/en\/evolution-of-skiing\/evolution-of-skiing-dundret-runt\/\">Dundret Runt &gt;&gt;<\/a><\/p>\n<p>&nbsp;<\/p>\n<p><a href=\"http:\/\/sporteventgellivare.com\/wp-content\/uploads\/2013\/05\/4_stenmark.png\"><img loading=\"lazy\" decoding=\"async\" class=\"alignleft size-full wp-image-1761\" title=\"4_stenmark\" src=\"http:\/\/sporteventgellivare.com\/wp-content\/uploads\/2013\/05\/4_stenmark.png\" alt=\"\" width=\"34\" height=\"34\" srcset=\"https:\/\/sporteventgellivare.com\/wp-content\/uploads\/2013\/05\/4_stenmark.png 34w, https:\/\/sporteventgellivare.com\/wp-content\/uploads\/2013\/05\/4_stenmark-150x150.png 150w\" sizes=\"auto, (max-width: 34px) 100vw, 34px\" \/><\/a>When the World Cup was held for the first and only time in Norrbotten, it happened on Dundret 1983, together with the Top of Europe Trophy. <a href=\"https:\/\/sporteventgellivare.com\/en\/evolution-of-skiing\/evolution-of-skiing-slalom\/\">Slalom &gt;&gt;<\/a><\/p>\n<p>&nbsp;<\/p>\n<p><a href=\"http:\/\/sporteventgellivare.com\/wp-content\/uploads\/2013\/05\/5_boklov.png\"><img loading=\"lazy\" decoding=\"async\" class=\"alignleft size-full wp-image-1762\" title=\"5_boklov\" src=\"http:\/\/sporteventgellivare.com\/wp-content\/uploads\/2013\/05\/5_boklov.png\" alt=\"\" width=\"34\" height=\"34\" srcset=\"https:\/\/sporteventgellivare.com\/wp-content\/uploads\/2013\/05\/5_boklov.png 34w, https:\/\/sporteventgellivare.com\/wp-content\/uploads\/2013\/05\/5_boklov-150x150.png 150w\" sizes=\"auto, (max-width: 34px) 100vw, 34px\" \/><\/a>This story is about Janne Bokl\u00f6v, who invented the V-style, challenging the norm and creating the new standard by which the whole world operates.<br \/>\n<a href=\"https:\/\/sporteventgellivare.com\/en\/evolution-of-skiing\/evolution-of-skiing-ski-jump\/\">Ski Jump &gt;&gt;<\/a><\/p>\n<p>&nbsp;<\/p>\n<p><a href=\"http:\/\/sporteventgellivare.com\/wp-content\/uploads\/2013\/05\/6_hellner.png\"><img loading=\"lazy\" decoding=\"async\" class=\"alignleft size-full wp-image-1763\" title=\"6_hellner\" src=\"http:\/\/sporteventgellivare.com\/wp-content\/uploads\/2013\/05\/6_hellner.png\" alt=\"\" width=\"34\" height=\"34\" srcset=\"https:\/\/sporteventgellivare.com\/wp-content\/uploads\/2013\/05\/6_hellner.png 34w, https:\/\/sporteventgellivare.com\/wp-content\/uploads\/2013\/05\/6_hellner-150x150.png 150w\" sizes=\"auto, (max-width: 34px) 100vw, 34px\" \/><\/a>Malmberget\u2019s Skidgymnasiet celebrated its 30th anniversary in 2011.. They have developed some huge names in the world of cross-country over the years, including Christer Majb\u00e4ck, Niklas Jonsson, Lina Andersson, and more recently, Charlotte Kalla and local talent Marcus Hellner. Just to name a few\u2026 <a href=\"https:\/\/sporteventgellivare.com\/en\/evolution-of-skiing\/evolution-of-skiing-cross-country\/\">Cross-Country &gt;&gt;<\/a><\/p>\n<p>&nbsp;<\/p>\n<p><a href=\"http:\/\/sporteventgellivare.com\/wp-content\/uploads\/2013\/05\/7_wc.png\"><img loading=\"lazy\" decoding=\"async\" class=\"alignleft size-full wp-image-1764\" title=\"7_wc\" src=\"http:\/\/sporteventgellivare.com\/wp-content\/uploads\/2013\/05\/7_wc.png\" alt=\"\" width=\"34\" height=\"34\" srcset=\"https:\/\/sporteventgellivare.com\/wp-content\/uploads\/2013\/05\/7_wc.png 34w, https:\/\/sporteventgellivare.com\/wp-content\/uploads\/2013\/05\/7_wc-150x150.png 150w\" sizes=\"auto, (max-width: 34px) 100vw, 34px\" \/><\/a>G\u00e4llivare-Malmberget has a proud history of organizing large ski events. Since 1995 has Ga\u0308llivare arranged FIS Cross Country World Cup six times. <a href=\"https:\/\/sporteventgellivare.com\/en\/evolution-of-skiing\/evolution-of-skiing-events\/\">Events &gt;&gt;<\/a><\/p>\n<blockquote><p>&nbsp;<\/p>\n<p>G\u00e4llivare &#8211; development of skiing during 3000 years!!<\/p><\/blockquote>\n","protected":false},"excerpt":{"rendered":"<p>Since 1000 BC, people have been using skis in G\u00e4llivare. See the 3000 year old Suorravuoma skis today in G\u00e4llivare Museum. The first skis &gt;&gt; &nbsp; The twin cities of G\u00e4llivare-Malmberget are just a few kilometers from Jokkmokk, where the first official Swedish ski competition took place. Nordenski\u00f6ldsloppet, as it was called, was held in&#8230; <\/p>\n<div class=\"clear\"><\/div>\n<p><a href=\"https:\/\/sporteventgellivare.com\/en\/evolution-of-skiing\/\" class=\"excerpt-read-more\">Read More<\/a><\/p>\n","protected":false},"author":2,"featured_media":0,"parent":0,"menu_order":0,"comment_status":"closed","ping_status":"closed","template":"","meta":{"_monsterinsights_skip_tracking":false,"_monsterinsights_sitenote_active":false,"_monsterinsights_sitenote_note":"","_monsterinsights_sitenote_category":0,"footnotes":""},"class_list":["post-3820","page","type-page","status-publish","hentry"],"_links":{"self":[{"href":"https:\/\/sporteventgellivare.com\/en\/wp-json\/wp\/v2\/pages\/3820","targetHints":{"allow":["GET"]}}],"collection":[{"href":"https:\/\/sporteventgellivare.com\/en\/wp-json\/wp\/v2\/pages"}],"about":[{"href":"https:\/\/sporteventgellivare.com\/en\/wp-json\/wp\/v2\/types\/page"}],"author":[{"embeddable":true,"href":"https:\/\/sporteventgellivare.com\/en\/wp-json\/wp\/v2\/users\/2"}],"replies":[{"embeddable":true,"href":"https:\/\/sporteventgellivare.com\/en\/wp-json\/wp\/v2\/comments?post=3820"}],"version-history":[{"count":4,"href":"https:\/\/sporteventgellivare.com\/en\/wp-json\/wp\/v2\/pages\/3820\/revisions"}],"predecessor-version":[{"id":4751,"href":"https:\/\/sporteventgellivare.com\/en\/wp-json\/wp\/v2\/pages\/3820\/revisions\/4751"}],"wp:attachment":[{"href":"https:\/\/sporteventgellivare.com\/en\/wp-json\/wp\/v2\/media?parent=3820"}],"curies":[{"name":"wp","href":"https:\/\/api.w.org\/{rel}","templated":true}]}}