{"id":3822,"date":"2015-09-04T14:17:40","date_gmt":"2015-09-04T12:17:40","guid":{"rendered":"http:\/\/www.sporteventgellivare.com\/en\/?page_id=3822"},"modified":"2016-07-14T11:21:13","modified_gmt":"2016-07-14T09:21:13","slug":"evolution-of-skiing-the-first-skis","status":"publish","type":"page","link":"https:\/\/sporteventgellivare.com\/en\/evolution-of-skiing\/evolution-of-skiing-the-first-skis\/","title":{"rendered":"Evolution of Skiing &#8211; The First Skis"},"content":{"rendered":"<p><img loading=\"lazy\" decoding=\"async\" class=\"alignnone size-full wp-image-1768\" title=\"Den f\u00f6rsta skidan\" src=\"http:\/\/sporteventgellivare.com\/wp-content\/uploads\/2013\/05\/evolution_skidan.jpg\" alt=\"\" width=\"630\" height=\"142\" srcset=\"https:\/\/sporteventgellivare.com\/wp-content\/uploads\/2013\/05\/evolution_skidan.jpg 630w, https:\/\/sporteventgellivare.com\/wp-content\/uploads\/2013\/05\/evolution_skidan-300x67.jpg 300w, https:\/\/sporteventgellivare.com\/wp-content\/uploads\/2013\/05\/evolution_skidan-624x140.jpg 624w\" sizes=\"auto, (max-width: 630px) 100vw, 630px\" \/><\/p>\n<blockquote><p>Skis Have Been Used in the G\u00e4llivare Area since 1000 Years Before Christ<\/p><\/blockquote>\n<div id=\"attachment_1769\" style=\"width: 204px\" class=\"wp-caption alignright\"><a href=\"http:\/\/sporteventgellivare.com\/wp-content\/uploads\/2013\/05\/skidan-227x350.jpg\"><img loading=\"lazy\" decoding=\"async\" aria-describedby=\"caption-attachment-1769\" class=\"size-medium wp-image-1769\" title=\"skidan-227x350\" src=\"http:\/\/sporteventgellivare.com\/wp-content\/uploads\/2013\/05\/skidan-227x350-194x300.jpg\" alt=\"\" width=\"194\" height=\"300\" srcset=\"https:\/\/sporteventgellivare.com\/wp-content\/uploads\/2013\/05\/skidan-227x350-194x300.jpg 194w, https:\/\/sporteventgellivare.com\/wp-content\/uploads\/2013\/05\/skidan-227x350.jpg 227w\" sizes=\"auto, (max-width: 194px) 100vw, 194px\" \/><\/a><p id=\"caption-attachment-1769\" class=\"wp-caption-text\">The ancient Suorravuoma-ski. Photo: H\u00e5kan Svensson<\/p><\/div>\n<p>In the picture you can see the ancient Suorravuoma skis, which can be seen in the G\u00e4llivare Museum. This priceless artifact shows just how long skiing has been practiced in the area. The ski was found in a bog in Suorravuoma outside of Ulatti, which is now known as Martinvaara. It\u2019s dated between 2000 and 3000 years old.\u00a0 \u201cThe ski was found in the 40s, and was dated using pollen analysis,\u201d says Karina Jarrett, head of the G\u00e4llivare Museum and municipal assisstant curator.<\/p>\n<p>Myrfyndet, which was made by Per Simu Bj\u00f6rkberg and his father Henrik Simu, gives an exciting and somewhat magical view of ski manufacturing during this time.<br \/>\nThe Simus found the ski 30 centimeters below the surface, mixed in with peat, moss and sedge.<\/p>\n<p>\u201cA sample of the pollen analysis from the site shows that the ski was buried at a time when trees first began to appear in the area,\u201d says Kjell-\u00c5ke Aronsson, head of the Ajtte Museum in Jokkmokk. \u201cThis puts it at between 2000 and 3000 years of age. We can\u2019t be any more accurate than that. The ski, with its elevated pedestal, is an early version of the type of ski used as recently as 100 years ago.\u201d<\/p>\n<p>The ski is kept in a secure case in G\u00e4llivare Museum, and is extremely well-preserved due to being buried in a bog. Jarrett and her colleague Carola Johansson very carefully removed the ski from its case in order for me to photograph it.<\/p>\n<div id=\"attachment_1771\" style=\"width: 310px\" class=\"wp-caption alignleft\"><img loading=\"lazy\" decoding=\"async\" aria-describedby=\"caption-attachment-1771\" class=\"size-medium wp-image-1771\" title=\"DSC_0350\" src=\"http:\/\/sporteventgellivare.com\/wp-content\/uploads\/2013\/05\/DSC_0350-300x198.jpg\" alt=\"\" width=\"300\" height=\"198\" srcset=\"https:\/\/sporteventgellivare.com\/wp-content\/uploads\/2013\/05\/DSC_0350-300x198.jpg 300w, https:\/\/sporteventgellivare.com\/wp-content\/uploads\/2013\/05\/DSC_0350.jpg 350w\" sizes=\"auto, (max-width: 300px) 100vw, 300px\" \/><p id=\"caption-attachment-1771\" class=\"wp-caption-text\">Karina Jarrett, Head of the G\u00e4llivare Museum. Photo: H\u00e5kan Svensson<\/p><\/div>\n<p>Using the tape measure, we determine the ski to be 132 cm by 11 cm. Not a long ski by any means. It\u2019s also impossible to determine who used the ski. The ski is made from a single piece of pine, and the middle of the ski is wider by about six centimeters. There\u2019s also a hole carved in the center, possibly for a leather binding.<\/p>\n<p>The stately brick building on the square in G\u00e4llivare houses yet another interesting ski find on its upper floors. Sharing the case with the Suorravuoma ski is a ski tip with an interesting striped pattern, found by Israel Persson in 1925 while digging trenches in Purnu.<\/p>\n<p>\u201cThe ski tip is estimated to be around 3000 years old,\u201d says Jarrett, \u201cand displays the Bothnia-type ribbon and cable pattern characteristic of the area.\u201d<\/p>\n<p>.<\/p>\n<div id=\"attachment_1772\" style=\"width: 310px\" class=\"wp-caption alignright\"><img loading=\"lazy\" decoding=\"async\" aria-describedby=\"caption-attachment-1772\" class=\"size-medium wp-image-1772\" title=\"DSC_0320-350x232\" src=\"http:\/\/sporteventgellivare.com\/wp-content\/uploads\/2013\/05\/DSC_0320-350x232-300x198.jpg\" alt=\"\" width=\"300\" height=\"198\" srcset=\"https:\/\/sporteventgellivare.com\/wp-content\/uploads\/2013\/05\/DSC_0320-350x232-300x198.jpg 300w, https:\/\/sporteventgellivare.com\/wp-content\/uploads\/2013\/05\/DSC_0320-350x232.jpg 350w\" sizes=\"auto, (max-width: 300px) 100vw, 300px\" \/><p id=\"caption-attachment-1772\" class=\"wp-caption-text\">The Ski tip. Photo: H\u00e5kan Svensson<\/p><\/div>\n<p>This ski tip is described in even greater detail in the book \u201c\u00d6vre Norrlands J\u00e4rn\u00e5lder\u201d (\u201cIron Age Upper Norrland\u201d) by Inga Serning. Another important ski-related find is a \u201cskidk\u00e4lksmedar\u201d, a type of travois used for transporting large goods over the snowy landscape with ease. These were also unearthed while digging ditches, this time in the mosses of Skaulo, and are dated at about 700 years of age.<\/p>\n<p>Old skis are most often found in bogs and marshes, where the conditions are excellent for preservation over the millennia. The oldest Swedish ski is the Kalvtr\u00e4sk Ski, over 5000 years old and can be found in the Ski Museum in Ume\u00e5. The ski, which has a hole bored the entire way through it, was found by some ditch-diggers in Kalvtr\u00e4sk. The reason these skis are so perfectly preserved is that there\u2019s no oxygen in these bogs, which is what causes wood to deteriorate in the first place.<\/p>\n<p>Skiing is an ancient way of getting around in the winter. Though it\u2019s unclear who was the first to develop and use skis, it\u2019s indisputable that its roots lie in Sami culture. Dating back to the first descriptions of people in Lapland (not least G\u00e4llivare parish), it\u2019s clear that there was a lot of admiration for how these people moved around on the snow, armed with spears, bows, arrows, and other weapons. These descriptions even mention different lengths of skis, including shorter ones with animal skins underneath which were used for climbing slopes.<\/p>\n<p>These days, people use skins mainly to avoid sliding backwards, a technique which the Sami have been using for thousands of years, if not longer. The longer skis were used for faster gliding over easier terrain.<\/p>\n<p>Naturally, one required tremendous leg strength and endurance to use these long skis over long distances, and for long periods of time.<br \/>\nFor a long time, the Sami made their own skis, the knowledge of which they then spread to others. It quickly became apparent that different types of skis were needed for different environments, such as the deep drifts in the forests, or the hard-packed snow of the mountains.<\/p>\n<p><em>H\u00e5kan Svensson (text and photos)<\/em><\/p>\n","protected":false},"excerpt":{"rendered":"<p>Skis Have Been Used in the G\u00e4llivare Area since 1000 Years Before Christ In the picture you can see the ancient Suorravuoma skis, which can be seen in the G\u00e4llivare Museum. This priceless artifact shows just how long skiing has been practiced in the area. The ski was found in a bog in Suorravuoma outside&#8230; <\/p>\n<div class=\"clear\"><\/div>\n<p><a href=\"https:\/\/sporteventgellivare.com\/en\/evolution-of-skiing\/evolution-of-skiing-the-first-skis\/\" class=\"excerpt-read-more\">Read More<\/a><\/p>\n","protected":false},"author":2,"featured_media":0,"parent":3820,"menu_order":0,"comment_status":"closed","ping_status":"closed","template":"","meta":{"_monsterinsights_skip_tracking":false,"_monsterinsights_sitenote_active":false,"_monsterinsights_sitenote_note":"","_monsterinsights_sitenote_category":0,"footnotes":""},"class_list":["post-3822","page","type-page","status-publish","hentry"],"_links":{"self":[{"href":"https:\/\/sporteventgellivare.com\/en\/wp-json\/wp\/v2\/pages\/3822","targetHints":{"allow":["GET"]}}],"collection":[{"href":"https:\/\/sporteventgellivare.com\/en\/wp-json\/wp\/v2\/pages"}],"about":[{"href":"https:\/\/sporteventgellivare.com\/en\/wp-json\/wp\/v2\/types\/page"}],"author":[{"embeddable":true,"href":"https:\/\/sporteventgellivare.com\/en\/wp-json\/wp\/v2\/users\/2"}],"replies":[{"embeddable":true,"href":"https:\/\/sporteventgellivare.com\/en\/wp-json\/wp\/v2\/comments?post=3822"}],"version-history":[{"count":3,"href":"https:\/\/sporteventgellivare.com\/en\/wp-json\/wp\/v2\/pages\/3822\/revisions"}],"predecessor-version":[{"id":4752,"href":"https:\/\/sporteventgellivare.com\/en\/wp-json\/wp\/v2\/pages\/3822\/revisions\/4752"}],"up":[{"embeddable":true,"href":"https:\/\/sporteventgellivare.com\/en\/wp-json\/wp\/v2\/pages\/3820"}],"wp:attachment":[{"href":"https:\/\/sporteventgellivare.com\/en\/wp-json\/wp\/v2\/media?parent=3822"}],"curies":[{"name":"wp","href":"https:\/\/api.w.org\/{rel}","templated":true}]}}