{"id":3831,"date":"2015-09-04T15:57:40","date_gmt":"2015-09-04T13:57:40","guid":{"rendered":"http:\/\/www.sporteventgellivare.com\/en\/?page_id=3831"},"modified":"2016-07-14T11:23:57","modified_gmt":"2016-07-14T09:23:57","slug":"evolution-of-skiing-slalom","status":"publish","type":"page","link":"https:\/\/sporteventgellivare.com\/en\/evolution-of-skiing\/evolution-of-skiing-slalom\/","title":{"rendered":"Evolution of Skiing &#8211; Slalom"},"content":{"rendered":"<p><img loading=\"lazy\" decoding=\"async\" class=\"size-full wp-image-1813 alignnone\" title=\"Slalom\" src=\"http:\/\/sporteventgellivare.com\/wp-content\/uploads\/2013\/05\/evolution_slalom1.jpg\" alt=\"\" width=\"630\" height=\"142\" srcset=\"https:\/\/sporteventgellivare.com\/wp-content\/uploads\/2013\/05\/evolution_slalom1.jpg 630w, https:\/\/sporteventgellivare.com\/wp-content\/uploads\/2013\/05\/evolution_slalom1-300x67.jpg 300w, https:\/\/sporteventgellivare.com\/wp-content\/uploads\/2013\/05\/evolution_slalom1-624x140.jpg 624w\" sizes=\"auto, (max-width: 630px) 100vw, 630px\" \/><\/p>\n<blockquote><p>When the World Cup was held for the first and only time in Norrbotten, it happened on Dundret, together with the Top of Europe Trophy.<\/p><\/blockquote>\n<div id=\"attachment_1814\" style=\"width: 310px\" class=\"wp-caption alignright\"><img loading=\"lazy\" decoding=\"async\" aria-describedby=\"caption-attachment-1814\" class=\"size-medium wp-image-1814\" title=\"World_Cup_1983_Dundret_1\" src=\"http:\/\/sporteventgellivare.com\/wp-content\/uploads\/2013\/05\/World_Cup_1983_Dundret_1-350x249-300x213.jpg\" alt=\"\" width=\"300\" height=\"213\" srcset=\"https:\/\/sporteventgellivare.com\/wp-content\/uploads\/2013\/05\/World_Cup_1983_Dundret_1-350x249-300x213.jpg 300w, https:\/\/sporteventgellivare.com\/wp-content\/uploads\/2013\/05\/World_Cup_1983_Dundret_1-350x249.jpg 350w\" sizes=\"auto, (max-width: 300px) 100vw, 300px\" \/><p id=\"caption-attachment-1814\" class=\"wp-caption-text\">Mats Hillblom\/imega television<\/p><\/div>\n<p>The year was 1983, and the competition that took place on February 26th and 27th were, simply put, a massive success.<br \/>\n20,000 enthusiastic spectators lined the tracks at Dundret, and over the course of two unforgettable days watched the greatest alpine skiers in the world ski, lead by Ingemar Stenmark (giant slalom) and Marc Girardelli (slalom). It was a huge athletic event in Norrbotten, with audience voting and an atmosphere reminiscent of the big ski resorts down in the Alps.<\/p>\n<p>The Swedish success was unprecedented, with King Ingemar Stenmark\u2019s enormous performance during Saturday\u2019s giant slalom, and many Swedes on the leaderboard for Sunday\u2019s slalom competition. After Marc Girardelli, the slalom winner, there were five Swedes in the top eleven: Stig Strand (2nd), Ingemar Stenmark (3rd), Bengt Fj\u00e4llberg (7th), J\u00f6rgen Sundqvist (8th), and Lars-G\u00f6ran Halvarsson (11th). A landmark World Cup performance for Swedish alpine sports.<\/p>\n<p>Everyone was happy with the fantastic organization of the contest, which was ran by Malmberget AIF and G\u00e4llivare SK. After the competition, colourful World Cup founder Serge Lang exclaimed: \u201cJust call if you want more competitions at Dundret, in Sweden.\u201d<\/p>\n<p>The media were all over the event, especially those who worked for Sweden\u2019s newspapers. Their coverage of the events, before, during, and after, was detailed and thorough. There was even a special Sunday edition to cover the afterparty at Dundret. Incidentally, this intense coverage had begun a few days earlier, in Stenmark\u2019s hometown of T\u00e4rnaby. They had also hosted the historic World Cup in the winter of 1983, and the skiers were flown by special charter flight from T\u00e4rnaby to G\u00e4llivare.<\/p>\n<div id=\"attachment_1815\" style=\"width: 310px\" class=\"wp-caption alignleft\"><img loading=\"lazy\" decoding=\"async\" aria-describedby=\"caption-attachment-1815\" class=\"size-medium wp-image-1815\" title=\"World_Cup_1983_2\" src=\"http:\/\/sporteventgellivare.com\/wp-content\/uploads\/2013\/05\/World_Cup_1983_2-350x226-300x193.jpg\" alt=\"\" width=\"300\" height=\"193\" srcset=\"https:\/\/sporteventgellivare.com\/wp-content\/uploads\/2013\/05\/World_Cup_1983_2-350x226-300x193.jpg 300w, https:\/\/sporteventgellivare.com\/wp-content\/uploads\/2013\/05\/World_Cup_1983_2-350x226.jpg 350w\" sizes=\"auto, (max-width: 300px) 100vw, 300px\" \/><p id=\"caption-attachment-1815\" class=\"wp-caption-text\">Mats Hillblom\/imega television<\/p><\/div>\n<p>This author was there for the entire experience, and it was a very memorable event for a Norrbotten sports writer. I remember that I followed Stig Strand for the entire day, from cabin 54 at Dundret to the turns of the slalom run, describing everything that happened from early morning to late evening for the magazines.<br \/>\nStig Strand, who finished in an impressive second place after Marc Girardelli, luckily defeated his good friend Ingemar Stenmark. The press photographers loved the competition, in which so much happened. Some were even lucky enough to catch Stenmark himself as he was on his way by. It was as he passed H\u00f6g\u00e5sen that it happened. A murmur ran through the densely packed crowd on Dundret.<br \/>\n\u201cI was down and out, and put my hands down, but I guess I didn\u2019t lose too much time after all,\u201d stated \u201cStenis\u201d, who finished before Max Julen (from Switzerland), Phil Mahre and fourth place finisher Johan Wallner (from Sweden).<\/p>\n<p>The World Cup win was Stenmark\u2019s 72nd, another triumph in a long and glittering career. It was the perfect note to start the event on, the crowd favourite taking the first race. A local boy also had his big break at Dundret. J\u00f6rgen Sundqvist, a Norrbottning from Arvidsjaur, came eleventh in the giant slalom and eighth in the slalom.<\/p>\n<p>There were quite a few people in important leadership roles, including Lennart Hagstedt of the World Cup Committee, CEO G\u00f6ran Remahl, and last but not least, race director and ski enthusiast Rune T\u00f6rngren who worked hard in many different aspects of the competition. \u201cI\u2019m happy that everything went so well,\u201d beamed T\u00f6rngren.<\/p>\n<p>Afterwards, the competition was widely praised, from Serge Lange, the larger-than-life World Cup boss, to the superstars of skiing, to veteran broadcaster Sven \u201cPlex\u201d Pettersson who commentated the entire event live. \u201cThese contents are ranked very highly. Let\u2019s see how G\u00e4llivare makes it happen,\u201d Plex says of his thoughts when the competition was announced. \u201cNow I know, they made it happen in a glorious way.\u201d.<\/p>\n<p>The 1983 World Cup was a milestone for alpine sports in Norrbotten. It was also an event of note for Dundret, which had been hosting slalom competitions since the first one in Soldalen in the 30s. This was a colossal event, followed by cross-country World Cup contests, but unfortunately no more slalom races.<\/p>\n<p>Hosting the World Cup in 1983 provided good economic opportunities, strengthened club activities, and put Malmberget AIF and G\u00e4llivare SK in the position to pick up and develop new talent.<\/p>\n<div id=\"attachment_1816\" style=\"width: 257px\" class=\"wp-caption alignright\"><img loading=\"lazy\" decoding=\"async\" aria-describedby=\"caption-attachment-1816\" class=\"size-medium wp-image-1816\" title=\"Thomas Fogd\u00f6\" src=\"http:\/\/sporteventgellivare.com\/wp-content\/uploads\/2013\/05\/thomas_fogdo-247x300.jpg\" alt=\"\" width=\"247\" height=\"300\" srcset=\"https:\/\/sporteventgellivare.com\/wp-content\/uploads\/2013\/05\/thomas_fogdo-247x300.jpg 247w, https:\/\/sporteventgellivare.com\/wp-content\/uploads\/2013\/05\/thomas_fogdo.jpg 289w\" sizes=\"auto, (max-width: 247px) 100vw, 247px\" \/><p id=\"caption-attachment-1816\" class=\"wp-caption-text\">Photo: SCANPIX\/Ingvar Karmhed.<\/p><\/div>\n<p>One of which went on to become the best in the world.<br \/>\nNaturally, it\u2019s Thomas Fogd\u00f6 of G\u00e4llivare SK, who was the world slalom champion in 1993. His talent was noticed early on by both the head instructor and H\u00e5kan \u00c5sell, G\u00e4llivare\u2019s passionate coach. It was incredible to be in \u00c5re when he took the title, and to follow his career throughout the years.<\/p>\n<p>Thomas Fogd\u00f6 was the ideal ambassador for Dundret over the course of his brilliant career, which was tragically cut short on February 7th, 1995. Fogd\u00f6 was training in \u00c5re when he had an accident which broke his back, paralyzing him from the waist down. Ever the fighter, Fogd\u00f6 refused to succumb to his circumstances, and became a psychologist, author and motivational speaker. He also started a foundation that provides financial aid to injured athletes.<\/p>\n<p>Dundret and G\u00e4llivare have nurtured many skiing stars over the years. Thomas Fogd\u00f6 is one name in a list that also includes Mauritz \u201cMarre\u201d Lindstr\u00f6m, Hans Bergman, Pia Gustafsson, Monica Aija, Inger K\u00f6hler, and Anna Boden. The biggest name in G\u00e4llivare today is Anton Lahdenper\u00e4, a slalom rider at the highest levels of the World Cup who was inspired by none other than Thomas Fogd\u00f6.<\/p>\n<p><em>H\u00e5kan Svensson (text)<\/em><\/p>\n<p>&nbsp;<\/p>\n","protected":false},"excerpt":{"rendered":"<p>When the World Cup was held for the first and only time in Norrbotten, it happened on Dundret, together with the Top of Europe Trophy. The year was 1983, and the competition that took place on February 26th and 27th were, simply put, a massive success. 20,000 enthusiastic spectators lined the tracks at Dundret, and&#8230; <\/p>\n<div class=\"clear\"><\/div>\n<p><a href=\"https:\/\/sporteventgellivare.com\/en\/evolution-of-skiing\/evolution-of-skiing-slalom\/\" class=\"excerpt-read-more\">Read More<\/a><\/p>\n","protected":false},"author":2,"featured_media":0,"parent":3820,"menu_order":0,"comment_status":"closed","ping_status":"closed","template":"","meta":{"_monsterinsights_skip_tracking":false,"_monsterinsights_sitenote_active":false,"_monsterinsights_sitenote_note":"","_monsterinsights_sitenote_category":0,"footnotes":""},"class_list":["post-3831","page","type-page","status-publish","hentry"],"_links":{"self":[{"href":"https:\/\/sporteventgellivare.com\/en\/wp-json\/wp\/v2\/pages\/3831","targetHints":{"allow":["GET"]}}],"collection":[{"href":"https:\/\/sporteventgellivare.com\/en\/wp-json\/wp\/v2\/pages"}],"about":[{"href":"https:\/\/sporteventgellivare.com\/en\/wp-json\/wp\/v2\/types\/page"}],"author":[{"embeddable":true,"href":"https:\/\/sporteventgellivare.com\/en\/wp-json\/wp\/v2\/users\/2"}],"replies":[{"embeddable":true,"href":"https:\/\/sporteventgellivare.com\/en\/wp-json\/wp\/v2\/comments?post=3831"}],"version-history":[{"count":4,"href":"https:\/\/sporteventgellivare.com\/en\/wp-json\/wp\/v2\/pages\/3831\/revisions"}],"predecessor-version":[{"id":4755,"href":"https:\/\/sporteventgellivare.com\/en\/wp-json\/wp\/v2\/pages\/3831\/revisions\/4755"}],"up":[{"embeddable":true,"href":"https:\/\/sporteventgellivare.com\/en\/wp-json\/wp\/v2\/pages\/3820"}],"wp:attachment":[{"href":"https:\/\/sporteventgellivare.com\/en\/wp-json\/wp\/v2\/media?parent=3831"}],"curies":[{"name":"wp","href":"https:\/\/api.w.org\/{rel}","templated":true}]}}