{"id":4003,"date":"2015-10-23T09:21:19","date_gmt":"2015-10-23T07:21:19","guid":{"rendered":"http:\/\/www.sporteventgellivare.com\/en\/?page_id=4003"},"modified":"2015-12-01T08:46:42","modified_gmt":"2015-12-01T07:46:42","slug":"ski-track-information","status":"publish","type":"page","link":"https:\/\/sporteventgellivare.com\/en\/ski-track-information\/","title":{"rendered":"Ski Track information"},"content":{"rendered":"<h5><a href=\"http:\/\/sporteventgellivare.com\/wp-content\/uploads\/2014\/05\/Hellnerstadion-1-300x1891.jpg\"><img loading=\"lazy\" decoding=\"async\" class=\"alignnone size-full wp-image-3179\" src=\"http:\/\/sporteventgellivare.com\/wp-content\/uploads\/2014\/05\/Hellnerstadion-1-300x1891.jpg\" alt=\"Hellnerstadion\" width=\"300\" height=\"189\" \/><\/a><\/h5>\n<p>&nbsp;<\/p>\n<p><strong>Hellnerstadion<\/strong><\/p>\n<p>Sprint tracks &#8211; open<\/p>\n<p>World cup track 2,5 km &#8211; open<\/p>\n<p>World cup track 3,75 km &#8211; open<\/p>\n<p>World cup track 5,0 km &#8211; open<\/p>\n<p>Skate and classic, competition standard<\/p>\n<p><strong>Harrtr\u00e4sksp\u00e5ret<\/strong><\/p>\n<p>Tourist track 2,7 km &#8211; open<\/p>\n<p><strong>Himlatorgssp\u00e5ret<\/strong><\/p>\n<p>Tourist track, Hellnerstadion-Himlatorget (Bj\u00f6rnf\u00e4llan) &#8211; open<\/p>\n<p><strong><a href=\"http:\/\/gallivare.se\/Kommun\/Fritid\/Skidspar--och-Skoterleder\/\">Other ski tracks in G\u00e4llivare&gt;&gt;<\/a><\/strong><\/p>\n<p>&nbsp;<\/p>\n","protected":false},"excerpt":{"rendered":"<p>&nbsp; Hellnerstadion Sprint tracks &#8211; open World cup track 2,5 km &#8211; open World cup track 3,75 km &#8211; open World cup track 5,0 km &#8211; open Skate and classic, competition standard Harrtr\u00e4sksp\u00e5ret Tourist track 2,7 km &#8211; open Himlatorgssp\u00e5ret Tourist track, Hellnerstadion-Himlatorget (Bj\u00f6rnf\u00e4llan) &#8211; open Other ski tracks in G\u00e4llivare&gt;&gt; &nbsp;<\/p>\n","protected":false},"author":2,"featured_media":0,"parent":0,"menu_order":0,"comment_status":"closed","ping_status":"closed","template":"","meta":{"_monsterinsights_skip_tracking":false,"_monsterinsights_sitenote_active":false,"_monsterinsights_sitenote_note":"","_monsterinsights_sitenote_category":0,"footnotes":""},"class_list":["post-4003","page","type-page","status-publish","hentry"],"_links":{"self":[{"href":"https:\/\/sporteventgellivare.com\/en\/wp-json\/wp\/v2\/pages\/4003","targetHints":{"allow":["GET"]}}],"collection":[{"href":"https:\/\/sporteventgellivare.com\/en\/wp-json\/wp\/v2\/pages"}],"about":[{"href":"https:\/\/sporteventgellivare.com\/en\/wp-json\/wp\/v2\/types\/page"}],"author":[{"embeddable":true,"href":"https:\/\/sporteventgellivare.com\/en\/wp-json\/wp\/v2\/users\/2"}],"replies":[{"embeddable":true,"href":"https:\/\/sporteventgellivare.com\/en\/wp-json\/wp\/v2\/comments?post=4003"}],"version-history":[{"count":5,"href":"https:\/\/sporteventgellivare.com\/en\/wp-json\/wp\/v2\/pages\/4003\/revisions"}],"predecessor-version":[{"id":4241,"href":"https:\/\/sporteventgellivare.com\/en\/wp-json\/wp\/v2\/pages\/4003\/revisions\/4241"}],"wp:attachment":[{"href":"https:\/\/sporteventgellivare.com\/en\/wp-json\/wp\/v2\/media?parent=4003"}],"curies":[{"name":"wp","href":"https:\/\/api.w.org\/{rel}","templated":true}]}}