{"id":4228,"date":"2015-11-23T23:59:17","date_gmt":"2015-11-23T22:59:17","guid":{"rendered":"http:\/\/www.sporteventgellivare.com\/en\/?page_id=4228"},"modified":"2016-07-13T14:41:59","modified_gmt":"2016-07-13T12:41:59","slug":"picture-gallery","status":"publish","type":"page","link":"https:\/\/sporteventgellivare.com\/en\/the-gallivare-premiere\/picture-gallery\/","title":{"rendered":"Picture Gallery"},"content":{"rendered":"<h3>G\u00e4llivarepremi\u00e4ren &#8211; Sprint 2015<\/h3>\n<div class=\"totalbusiness-shortcode-wrapper\"><div class=\"totalbusiness-gallery-item totalbusiness-item\" ><div class=\"gallery-column one-seventh column\"><div class=\"gallery-item\"><a href=\"https:\/\/sporteventgellivare.com\/wp-content\/uploads\/2015\/11\/4K9A2796.jpg\" data-fancybox-group=\"totalbusiness-gal-1\" data-rel=\"fancybox\" ><img loading=\"lazy\" decoding=\"async\" src=\"https:\/\/sporteventgellivare.com\/wp-content\/uploads\/2015\/11\/4K9A2796-150x150.jpg\" alt=\"\" width=\"150\" height=\"150\" \/><\/a><\/div><\/div><div class=\"gallery-column one-seventh column\"><div class=\"gallery-item\"><a href=\"https:\/\/sporteventgellivare.com\/wp-content\/uploads\/2015\/11\/4K9A2751.jpg\" data-fancybox-group=\"totalbusiness-gal-1\" data-rel=\"fancybox\" ><img loading=\"lazy\" decoding=\"async\" src=\"https:\/\/sporteventgellivare.com\/wp-content\/uploads\/2015\/11\/4K9A2751-150x150.jpg\" alt=\"\" width=\"150\" height=\"150\" \/><\/a><\/div><\/div><div class=\"gallery-column one-seventh column\"><div class=\"gallery-item\"><a href=\"https:\/\/sporteventgellivare.com\/wp-content\/uploads\/2015\/11\/4K9A2709.jpg\" data-fancybox-group=\"totalbusiness-gal-1\" data-rel=\"fancybox\" ><img loading=\"lazy\" decoding=\"async\" src=\"https:\/\/sporteventgellivare.com\/wp-content\/uploads\/2015\/11\/4K9A2709-150x150.jpg\" alt=\"\" width=\"150\" height=\"150\" \/><\/a><\/div><\/div><div class=\"gallery-column one-seventh column\"><div class=\"gallery-item\"><a href=\"https:\/\/sporteventgellivare.com\/wp-content\/uploads\/2015\/11\/Jessica_Diggins1.jpg\" data-fancybox-group=\"totalbusiness-gal-1\" data-rel=\"fancybox\" ><img loading=\"lazy\" decoding=\"async\" src=\"https:\/\/sporteventgellivare.com\/wp-content\/uploads\/2015\/11\/Jessica_Diggins1-150x150.jpg\" alt=\"\" width=\"150\" height=\"150\" \/><\/a><\/div><\/div><div class=\"gallery-column one-seventh column\"><div class=\"gallery-item\"><a href=\"https:\/\/sporteventgellivare.com\/wp-content\/uploads\/2015\/11\/Jessica_Diggins_21.jpg\" data-fancybox-group=\"totalbusiness-gal-1\" data-rel=\"fancybox\" ><img loading=\"lazy\" decoding=\"async\" src=\"https:\/\/sporteventgellivare.com\/wp-content\/uploads\/2015\/11\/Jessica_Diggins_21-150x150.jpg\" alt=\"\" width=\"150\" height=\"150\" \/><\/a><\/div><\/div><div class=\"gallery-column one-seventh column\"><div class=\"gallery-item\"><a href=\"https:\/\/sporteventgellivare.com\/wp-content\/uploads\/2015\/11\/O69A22901.jpg\" data-fancybox-group=\"totalbusiness-gal-1\" data-rel=\"fancybox\" ><img loading=\"lazy\" decoding=\"async\" src=\"https:\/\/sporteventgellivare.com\/wp-content\/uploads\/2015\/11\/O69A22901-150x150.jpg\" alt=\"\" width=\"150\" height=\"150\" \/><\/a><\/div><\/div><div class=\"gallery-column one-seventh column\"><div class=\"gallery-item\"><a href=\"https:\/\/sporteventgellivare.com\/wp-content\/uploads\/2015\/11\/Sergey_Ustiugov.jpg\" data-fancybox-group=\"totalbusiness-gal-1\" data-rel=\"fancybox\" ><img loading=\"lazy\" decoding=\"async\" src=\"https:\/\/sporteventgellivare.com\/wp-content\/uploads\/2015\/11\/Sergey_Ustiugov-150x150.jpg\" alt=\"\" width=\"150\" height=\"150\" \/><\/a><\/div><\/div><div class=\"clear\"><\/div><div class=\"gallery-column one-seventh column\"><div class=\"gallery-item\"><a href=\"https:\/\/sporteventgellivare.com\/wp-content\/uploads\/2015\/11\/4K9A2746.jpg\" data-fancybox-group=\"totalbusiness-gal-1\" data-rel=\"fancybox\" ><img loading=\"lazy\" decoding=\"async\" src=\"https:\/\/sporteventgellivare.com\/wp-content\/uploads\/2015\/11\/4K9A2746-150x150.jpg\" alt=\"\" width=\"150\" height=\"150\" \/><\/a><\/div><\/div><div class=\"gallery-column one-seventh column\"><div class=\"gallery-item\"><a href=\"https:\/\/sporteventgellivare.com\/wp-content\/uploads\/2015\/11\/4K9A2683.jpg\" data-fancybox-group=\"totalbusiness-gal-1\" data-rel=\"fancybox\" ><img loading=\"lazy\" decoding=\"async\" src=\"https:\/\/sporteventgellivare.com\/wp-content\/uploads\/2015\/11\/4K9A2683-150x150.jpg\" alt=\"\" width=\"150\" height=\"150\" \/><\/a><\/div><\/div><div class=\"gallery-column one-seventh column\"><div class=\"gallery-item\"><a href=\"https:\/\/sporteventgellivare.com\/wp-content\/uploads\/2015\/11\/4K9A2677.jpg\" data-fancybox-group=\"totalbusiness-gal-1\" data-rel=\"fancybox\" ><img loading=\"lazy\" decoding=\"async\" src=\"https:\/\/sporteventgellivare.com\/wp-content\/uploads\/2015\/11\/4K9A2677-150x150.jpg\" alt=\"\" width=\"150\" height=\"150\" \/><\/a><\/div><\/div><div class=\"gallery-column one-seventh column\"><div class=\"gallery-item\"><a href=\"https:\/\/sporteventgellivare.com\/wp-content\/uploads\/2015\/11\/4K9A2670_Michael_Renstrom.jpg\" data-fancybox-group=\"totalbusiness-gal-1\" data-rel=\"fancybox\" ><img loading=\"lazy\" decoding=\"async\" src=\"https:\/\/sporteventgellivare.com\/wp-content\/uploads\/2015\/11\/4K9A2670_Michael_Renstrom-150x150.jpg\" alt=\"\" width=\"150\" height=\"150\" \/><\/a><\/div><\/div><div class=\"gallery-column one-seventh column\"><div class=\"gallery-item\"><a href=\"https:\/\/sporteventgellivare.com\/wp-content\/uploads\/2015\/11\/4K9A2667.jpg\" data-fancybox-group=\"totalbusiness-gal-1\" data-rel=\"fancybox\" ><img loading=\"lazy\" decoding=\"async\" src=\"https:\/\/sporteventgellivare.com\/wp-content\/uploads\/2015\/11\/4K9A2667-150x150.jpg\" alt=\"\" width=\"150\" height=\"150\" \/><\/a><\/div><\/div><div class=\"gallery-column one-seventh column\"><div class=\"gallery-item\"><a href=\"https:\/\/sporteventgellivare.com\/wp-content\/uploads\/2015\/11\/4K9A2650.jpg\" data-fancybox-group=\"totalbusiness-gal-1\" data-rel=\"fancybox\" ><img loading=\"lazy\" decoding=\"async\" src=\"https:\/\/sporteventgellivare.com\/wp-content\/uploads\/2015\/11\/4K9A2650-150x150.jpg\" alt=\"\" width=\"150\" height=\"150\" \/><\/a><\/div><\/div><div class=\"gallery-column one-seventh column\"><div class=\"gallery-item\"><a href=\"https:\/\/sporteventgellivare.com\/wp-content\/uploads\/2015\/11\/4K9A2640_Photo_Michael_Renstrom.jpg\" data-fancybox-group=\"totalbusiness-gal-1\" data-rel=\"fancybox\" ><img loading=\"lazy\" decoding=\"async\" src=\"https:\/\/sporteventgellivare.com\/wp-content\/uploads\/2015\/11\/4K9A2640_Photo_Michael_Renstrom-150x150.jpg\" alt=\"\" width=\"150\" height=\"150\" \/><\/a><\/div><\/div><div class=\"clear\"><\/div><div class=\"gallery-column one-seventh column\"><div class=\"gallery-item\"><a href=\"https:\/\/sporteventgellivare.com\/wp-content\/uploads\/2015\/11\/4K9A2635_Michael_Renstrom.jpg\" data-fancybox-group=\"totalbusiness-gal-1\" data-rel=\"fancybox\" ><img loading=\"lazy\" decoding=\"async\" src=\"https:\/\/sporteventgellivare.com\/wp-content\/uploads\/2015\/11\/4K9A2635_Michael_Renstrom-150x150.jpg\" alt=\"\" width=\"150\" height=\"150\" \/><\/a><\/div><\/div><div class=\"gallery-column one-seventh column\"><div class=\"gallery-item\"><a href=\"https:\/\/sporteventgellivare.com\/wp-content\/uploads\/2015\/11\/4K9A2584_Michael_Renstrom.jpg\" data-fancybox-group=\"totalbusiness-gal-1\" data-rel=\"fancybox\" ><img loading=\"lazy\" decoding=\"async\" src=\"https:\/\/sporteventgellivare.com\/wp-content\/uploads\/2015\/11\/4K9A2584_Michael_Renstrom-150x150.jpg\" alt=\"\" width=\"150\" height=\"150\" \/><\/a><\/div><\/div><div class=\"gallery-column one-seventh column\"><div class=\"gallery-item\"><a href=\"https:\/\/sporteventgellivare.com\/wp-content\/uploads\/2015\/11\/4K9A2579.jpg\" data-fancybox-group=\"totalbusiness-gal-1\" data-rel=\"fancybox\" ><img loading=\"lazy\" decoding=\"async\" src=\"https:\/\/sporteventgellivare.com\/wp-content\/uploads\/2015\/11\/4K9A2579-150x150.jpg\" alt=\"\" width=\"150\" height=\"150\" \/><\/a><\/div><\/div><div class=\"gallery-column one-seventh column\"><div class=\"gallery-item\"><a href=\"https:\/\/sporteventgellivare.com\/wp-content\/uploads\/2015\/11\/4K9A2575_Michael_Renstrom.jpg\" data-fancybox-group=\"totalbusiness-gal-1\" data-rel=\"fancybox\" ><img loading=\"lazy\" decoding=\"async\" src=\"https:\/\/sporteventgellivare.com\/wp-content\/uploads\/2015\/11\/4K9A2575_Michael_Renstrom-150x150.jpg\" alt=\"\" width=\"150\" height=\"150\" \/><\/a><\/div><\/div><div class=\"gallery-column one-seventh column\"><div class=\"gallery-item\"><a href=\"https:\/\/sporteventgellivare.com\/wp-content\/uploads\/2015\/11\/4K9A2574.jpg\" data-fancybox-group=\"totalbusiness-gal-1\" data-rel=\"fancybox\" ><img loading=\"lazy\" decoding=\"async\" src=\"https:\/\/sporteventgellivare.com\/wp-content\/uploads\/2015\/11\/4K9A2574-150x150.jpg\" alt=\"\" width=\"150\" height=\"150\" \/><\/a><\/div><\/div><div class=\"gallery-column one-seventh column\"><div class=\"gallery-item\"><a href=\"https:\/\/sporteventgellivare.com\/wp-content\/uploads\/2015\/11\/4K9A2553.jpg\" data-fancybox-group=\"totalbusiness-gal-1\" data-rel=\"fancybox\" ><img loading=\"lazy\" decoding=\"async\" src=\"https:\/\/sporteventgellivare.com\/wp-content\/uploads\/2015\/11\/4K9A2553-150x150.jpg\" alt=\"\" width=\"150\" height=\"150\" \/><\/a><\/div><\/div><div class=\"gallery-column one-seventh column\"><div class=\"gallery-item\"><a href=\"https:\/\/sporteventgellivare.com\/wp-content\/uploads\/2015\/11\/4K9A2547_Michael_Renstrom.jpg\" data-fancybox-group=\"totalbusiness-gal-1\" data-rel=\"fancybox\" ><img loading=\"lazy\" decoding=\"async\" src=\"https:\/\/sporteventgellivare.com\/wp-content\/uploads\/2015\/11\/4K9A2547_Michael_Renstrom-150x150.jpg\" alt=\"\" width=\"150\" height=\"150\" \/><\/a><\/div><\/div><div class=\"clear\"><\/div><div class=\"gallery-column one-seventh column\"><div class=\"gallery-item\"><a href=\"https:\/\/sporteventgellivare.com\/wp-content\/uploads\/2015\/11\/4K9A2541_Michael_Renstrom.jpg\" data-fancybox-group=\"totalbusiness-gal-1\" data-rel=\"fancybox\" ><img loading=\"lazy\" decoding=\"async\" src=\"https:\/\/sporteventgellivare.com\/wp-content\/uploads\/2015\/11\/4K9A2541_Michael_Renstrom-150x150.jpg\" alt=\"\" width=\"150\" height=\"150\" \/><\/a><\/div><\/div><div class=\"gallery-column one-seventh column\"><div class=\"gallery-item\"><a href=\"https:\/\/sporteventgellivare.com\/wp-content\/uploads\/2015\/11\/4K9A2533_Michael_Renstrom.jpg\" data-fancybox-group=\"totalbusiness-gal-1\" data-rel=\"fancybox\" ><img loading=\"lazy\" decoding=\"async\" src=\"https:\/\/sporteventgellivare.com\/wp-content\/uploads\/2015\/11\/4K9A2533_Michael_Renstrom-150x150.jpg\" alt=\"\" width=\"150\" height=\"150\" \/><\/a><\/div><\/div><div class=\"gallery-column one-seventh column\"><div class=\"gallery-item\"><a href=\"https:\/\/sporteventgellivare.com\/wp-content\/uploads\/2015\/11\/4K9A2532.jpg\" data-fancybox-group=\"totalbusiness-gal-1\" data-rel=\"fancybox\" ><img loading=\"lazy\" decoding=\"async\" src=\"https:\/\/sporteventgellivare.com\/wp-content\/uploads\/2015\/11\/4K9A2532-150x150.jpg\" alt=\"\" width=\"150\" height=\"150\" \/><\/a><\/div><\/div><div class=\"gallery-column one-seventh column\"><div class=\"gallery-item\"><a href=\"https:\/\/sporteventgellivare.com\/wp-content\/uploads\/2015\/11\/4K9A2527_Michael_Renstrom.jpg\" data-fancybox-group=\"totalbusiness-gal-1\" data-rel=\"fancybox\" ><img loading=\"lazy\" decoding=\"async\" src=\"https:\/\/sporteventgellivare.com\/wp-content\/uploads\/2015\/11\/4K9A2527_Michael_Renstrom-150x150.jpg\" alt=\"\" width=\"150\" height=\"150\" \/><\/a><\/div><\/div><div class=\"gallery-column one-seventh column\"><div class=\"gallery-item\"><a href=\"https:\/\/sporteventgellivare.com\/wp-content\/uploads\/2015\/11\/4K9A2524_Michael_Renstrom.jpg\" data-fancybox-group=\"totalbusiness-gal-1\" data-rel=\"fancybox\" ><img loading=\"lazy\" decoding=\"async\" src=\"https:\/\/sporteventgellivare.com\/wp-content\/uploads\/2015\/11\/4K9A2524_Michael_Renstrom-150x150.jpg\" alt=\"\" width=\"150\" height=\"150\" \/><\/a><\/div><\/div><div class=\"gallery-column one-seventh column\"><div class=\"gallery-item\"><a href=\"https:\/\/sporteventgellivare.com\/wp-content\/uploads\/2015\/11\/4K9A2498.jpg\" data-fancybox-group=\"totalbusiness-gal-1\" data-rel=\"fancybox\" ><img loading=\"lazy\" decoding=\"async\" src=\"https:\/\/sporteventgellivare.com\/wp-content\/uploads\/2015\/11\/4K9A2498-150x150.jpg\" alt=\"\" width=\"150\" height=\"150\" \/><\/a><\/div><\/div><div class=\"gallery-column one-seventh column\"><div class=\"gallery-item\"><a href=\"https:\/\/sporteventgellivare.com\/wp-content\/uploads\/2015\/11\/4K9A2495_Photo_Michael_Renstrom.jpg\" data-fancybox-group=\"totalbusiness-gal-1\" data-rel=\"fancybox\" ><img loading=\"lazy\" decoding=\"async\" src=\"https:\/\/sporteventgellivare.com\/wp-content\/uploads\/2015\/11\/4K9A2495_Photo_Michael_Renstrom-150x150.jpg\" alt=\"\" width=\"150\" height=\"150\" \/><\/a><\/div><\/div><div class=\"clear\"><\/div><div class=\"gallery-column one-seventh column\"><div class=\"gallery-item\"><a href=\"https:\/\/sporteventgellivare.com\/wp-content\/uploads\/2015\/11\/4K9A2482_Photo_Michael_Renstrom.jpg\" data-fancybox-group=\"totalbusiness-gal-1\" data-rel=\"fancybox\" ><img loading=\"lazy\" decoding=\"async\" src=\"https:\/\/sporteventgellivare.com\/wp-content\/uploads\/2015\/11\/4K9A2482_Photo_Michael_Renstrom-150x150.jpg\" alt=\"\" width=\"150\" height=\"150\" \/><\/a><\/div><\/div><div class=\"clear\"><\/div><\/div><\/div>\n<span class=\"clear\"><\/span><span class=\"totalbusiness-space\" style=\"margin-top: 30px; display: block;\"><\/span>\n<h3>G\u00e4llivarepremi\u00e4ren &#8211; Skate 2015<\/h3>\n<div class=\"totalbusiness-shortcode-wrapper\"><div class=\"totalbusiness-gallery-item totalbusiness-item\" ><div class=\"gallery-column one-seventh column\"><div class=\"gallery-item\"><a href=\"https:\/\/sporteventgellivare.com\/wp-content\/uploads\/2015\/11\/E29Q61231.jpg\" data-fancybox-group=\"totalbusiness-gal-2\" data-rel=\"fancybox\" ><img loading=\"lazy\" decoding=\"async\" src=\"https:\/\/sporteventgellivare.com\/wp-content\/uploads\/2015\/11\/E29Q61231-150x150.jpg\" alt=\"\" width=\"150\" height=\"150\" \/><\/a><\/div><\/div><div class=\"gallery-column one-seventh column\"><div class=\"gallery-item\"><a href=\"https:\/\/sporteventgellivare.com\/wp-content\/uploads\/2015\/11\/4K9A2996-1024x6831.jpg\" data-fancybox-group=\"totalbusiness-gal-2\" data-rel=\"fancybox\" ><img loading=\"lazy\" decoding=\"async\" src=\"https:\/\/sporteventgellivare.com\/wp-content\/uploads\/2015\/11\/4K9A2996-1024x6831-150x150.jpg\" alt=\"\" width=\"150\" height=\"150\" \/><\/a><\/div><\/div><div class=\"gallery-column one-seventh column\"><div class=\"gallery-item\"><a href=\"https:\/\/sporteventgellivare.com\/wp-content\/uploads\/2015\/11\/Evgeniy_Belov_E29Q6192_Photo_Yngve_Johansson.jpg\" data-fancybox-group=\"totalbusiness-gal-2\" data-rel=\"fancybox\" ><img loading=\"lazy\" decoding=\"async\" src=\"https:\/\/sporteventgellivare.com\/wp-content\/uploads\/2015\/11\/Evgeniy_Belov_E29Q6192_Photo_Yngve_Johansson-150x150.jpg\" alt=\"\" width=\"150\" height=\"150\" \/><\/a><\/div><\/div><div class=\"gallery-column one-seventh column\"><div class=\"gallery-item\"><a href=\"https:\/\/sporteventgellivare.com\/wp-content\/uploads\/2015\/11\/Elizabeth_Stephen_Photo_Michael_Renstrom.jpg\" data-fancybox-group=\"totalbusiness-gal-2\" data-rel=\"fancybox\" ><img loading=\"lazy\" decoding=\"async\" src=\"https:\/\/sporteventgellivare.com\/wp-content\/uploads\/2015\/11\/Elizabeth_Stephen_Photo_Michael_Renstrom-150x150.jpg\" alt=\"\" width=\"150\" height=\"150\" \/><\/a><\/div><\/div><div class=\"gallery-column one-seventh column\"><div class=\"gallery-item\"><a href=\"https:\/\/sporteventgellivare.com\/wp-content\/uploads\/2015\/11\/E29Q63541.jpg\" data-fancybox-group=\"totalbusiness-gal-2\" data-rel=\"fancybox\" ><img loading=\"lazy\" decoding=\"async\" src=\"https:\/\/sporteventgellivare.com\/wp-content\/uploads\/2015\/11\/E29Q63541-150x150.jpg\" alt=\"\" width=\"150\" height=\"150\" \/><\/a><\/div><\/div><div class=\"gallery-column one-seventh column\"><div class=\"gallery-item\"><a href=\"https:\/\/sporteventgellivare.com\/wp-content\/uploads\/2015\/11\/Evgeniy_Belov_E29Q6196_Photo_Yngve_Johansson.jpg\" data-fancybox-group=\"totalbusiness-gal-2\" data-rel=\"fancybox\" ><img loading=\"lazy\" decoding=\"async\" src=\"https:\/\/sporteventgellivare.com\/wp-content\/uploads\/2015\/11\/Evgeniy_Belov_E29Q6196_Photo_Yngve_Johansson-150x150.jpg\" alt=\"\" width=\"150\" height=\"150\" \/><\/a><\/div><\/div><div class=\"gallery-column one-seventh column\"><div class=\"gallery-item\"><a href=\"https:\/\/sporteventgellivare.com\/wp-content\/uploads\/2015\/11\/E29Q5589-1024x6561.jpg\" data-fancybox-group=\"totalbusiness-gal-2\" data-rel=\"fancybox\" ><img loading=\"lazy\" decoding=\"async\" src=\"https:\/\/sporteventgellivare.com\/wp-content\/uploads\/2015\/11\/E29Q5589-1024x6561-150x150.jpg\" alt=\"\" width=\"150\" height=\"150\" \/><\/a><\/div><\/div><div class=\"clear\"><\/div><div class=\"gallery-column one-seventh column\"><div class=\"gallery-item\"><a href=\"https:\/\/sporteventgellivare.com\/wp-content\/uploads\/2015\/11\/4K9A3249.jpg\" data-fancybox-group=\"totalbusiness-gal-2\" data-rel=\"fancybox\" ><img loading=\"lazy\" decoding=\"async\" src=\"https:\/\/sporteventgellivare.com\/wp-content\/uploads\/2015\/11\/4K9A3249-150x150.jpg\" alt=\"\" width=\"150\" height=\"150\" \/><\/a><\/div><\/div><div class=\"gallery-column one-seventh column\"><div class=\"gallery-item\"><a href=\"https:\/\/sporteventgellivare.com\/wp-content\/uploads\/2015\/11\/Caitlin_Gregg_photo_Michael_Renstrom.jpg\" data-fancybox-group=\"totalbusiness-gal-2\" data-rel=\"fancybox\" ><img loading=\"lazy\" decoding=\"async\" src=\"https:\/\/sporteventgellivare.com\/wp-content\/uploads\/2015\/11\/Caitlin_Gregg_photo_Michael_Renstrom-150x150.jpg\" alt=\"\" width=\"150\" height=\"150\" \/><\/a><\/div><\/div><div class=\"gallery-column one-seventh column\"><div class=\"gallery-item\"><a href=\"https:\/\/sporteventgellivare.com\/wp-content\/uploads\/2015\/11\/Devon_Kershaw_starting_E29Q5925_Photo_Yngve_Johansson.jpg\" data-fancybox-group=\"totalbusiness-gal-2\" data-rel=\"fancybox\" ><img loading=\"lazy\" decoding=\"async\" src=\"https:\/\/sporteventgellivare.com\/wp-content\/uploads\/2015\/11\/Devon_Kershaw_starting_E29Q5925_Photo_Yngve_Johansson-150x150.jpg\" alt=\"\" width=\"150\" height=\"150\" \/><\/a><\/div><\/div><div class=\"gallery-column one-seventh column\"><div class=\"gallery-item\"><a href=\"https:\/\/sporteventgellivare.com\/wp-content\/uploads\/2015\/11\/Alex_Harvey_E29Q6172_Photo_Yngve_Johansson.jpg\" data-fancybox-group=\"totalbusiness-gal-2\" data-rel=\"fancybox\" ><img loading=\"lazy\" decoding=\"async\" src=\"https:\/\/sporteventgellivare.com\/wp-content\/uploads\/2015\/11\/Alex_Harvey_E29Q6172_Photo_Yngve_Johansson-150x150.jpg\" alt=\"\" width=\"150\" height=\"150\" \/><\/a><\/div><\/div><div class=\"gallery-column one-seventh column\"><div class=\"gallery-item\"><a href=\"https:\/\/sporteventgellivare.com\/wp-content\/uploads\/2015\/11\/4K9A3236.jpg\" data-fancybox-group=\"totalbusiness-gal-2\" data-rel=\"fancybox\" ><img loading=\"lazy\" decoding=\"async\" src=\"https:\/\/sporteventgellivare.com\/wp-content\/uploads\/2015\/11\/4K9A3236-150x150.jpg\" alt=\"\" width=\"150\" height=\"150\" \/><\/a><\/div><\/div><div class=\"gallery-column one-seventh column\"><div class=\"gallery-item\"><a href=\"https:\/\/sporteventgellivare.com\/wp-content\/uploads\/2015\/11\/4K9A3218.jpg\" data-fancybox-group=\"totalbusiness-gal-2\" data-rel=\"fancybox\" ><img loading=\"lazy\" decoding=\"async\" src=\"https:\/\/sporteventgellivare.com\/wp-content\/uploads\/2015\/11\/4K9A3218-150x150.jpg\" alt=\"\" width=\"150\" height=\"150\" \/><\/a><\/div><\/div><div class=\"gallery-column one-seventh column\"><div class=\"gallery-item\"><a href=\"https:\/\/sporteventgellivare.com\/wp-content\/uploads\/2015\/11\/4K9A3194.jpg\" data-fancybox-group=\"totalbusiness-gal-2\" data-rel=\"fancybox\" ><img loading=\"lazy\" decoding=\"async\" src=\"https:\/\/sporteventgellivare.com\/wp-content\/uploads\/2015\/11\/4K9A3194-150x150.jpg\" alt=\"\" width=\"150\" height=\"150\" \/><\/a><\/div><\/div><div class=\"clear\"><\/div><div class=\"gallery-column one-seventh column\"><div class=\"gallery-item\"><a href=\"https:\/\/sporteventgellivare.com\/wp-content\/uploads\/2015\/11\/4K9A2931.jpg\" data-fancybox-group=\"totalbusiness-gal-2\" data-rel=\"fancybox\" ><img loading=\"lazy\" decoding=\"async\" src=\"https:\/\/sporteventgellivare.com\/wp-content\/uploads\/2015\/11\/4K9A2931-150x150.jpg\" alt=\"\" width=\"150\" height=\"150\" \/><\/a><\/div><\/div><div class=\"gallery-column one-seventh column\"><div class=\"gallery-item\"><a href=\"https:\/\/sporteventgellivare.com\/wp-content\/uploads\/2015\/11\/4K9A2917.jpg\" data-fancybox-group=\"totalbusiness-gal-2\" data-rel=\"fancybox\" ><img loading=\"lazy\" decoding=\"async\" src=\"https:\/\/sporteventgellivare.com\/wp-content\/uploads\/2015\/11\/4K9A2917-150x150.jpg\" alt=\"\" width=\"150\" height=\"150\" \/><\/a><\/div><\/div><div class=\"gallery-column one-seventh column\"><div class=\"gallery-item\"><a href=\"https:\/\/sporteventgellivare.com\/wp-content\/uploads\/2015\/11\/4K9A2871.jpg\" data-fancybox-group=\"totalbusiness-gal-2\" data-rel=\"fancybox\" ><img loading=\"lazy\" decoding=\"async\" src=\"https:\/\/sporteventgellivare.com\/wp-content\/uploads\/2015\/11\/4K9A2871-150x150.jpg\" alt=\"\" width=\"150\" height=\"150\" \/><\/a><\/div><\/div><div class=\"gallery-column one-seventh column\"><div class=\"gallery-item\"><a href=\"https:\/\/sporteventgellivare.com\/wp-content\/uploads\/2015\/11\/4K9A2868.jpg\" data-fancybox-group=\"totalbusiness-gal-2\" data-rel=\"fancybox\" ><img loading=\"lazy\" decoding=\"async\" src=\"https:\/\/sporteventgellivare.com\/wp-content\/uploads\/2015\/11\/4K9A2868-150x150.jpg\" alt=\"\" width=\"150\" height=\"150\" \/><\/a><\/div><\/div><div class=\"gallery-column one-seventh column\"><div class=\"gallery-item\"><a href=\"https:\/\/sporteventgellivare.com\/wp-content\/uploads\/2015\/11\/4K9A2860.jpg\" data-fancybox-group=\"totalbusiness-gal-2\" data-rel=\"fancybox\" ><img loading=\"lazy\" decoding=\"async\" src=\"https:\/\/sporteventgellivare.com\/wp-content\/uploads\/2015\/11\/4K9A2860-150x150.jpg\" alt=\"\" width=\"150\" height=\"150\" \/><\/a><\/div><\/div><div class=\"gallery-column one-seventh column\"><div class=\"gallery-item\"><a href=\"https:\/\/sporteventgellivare.com\/wp-content\/uploads\/2015\/11\/4K9A2851.jpg\" data-fancybox-group=\"totalbusiness-gal-2\" data-rel=\"fancybox\" ><img loading=\"lazy\" decoding=\"async\" src=\"https:\/\/sporteventgellivare.com\/wp-content\/uploads\/2015\/11\/4K9A2851-150x150.jpg\" alt=\"\" width=\"150\" height=\"150\" \/><\/a><\/div><\/div><div class=\"gallery-column one-seventh column\"><div class=\"gallery-item\"><a href=\"https:\/\/sporteventgellivare.com\/wp-content\/uploads\/2015\/11\/4K9A28211.jpg\" data-fancybox-group=\"totalbusiness-gal-2\" data-rel=\"fancybox\" ><img loading=\"lazy\" decoding=\"async\" src=\"https:\/\/sporteventgellivare.com\/wp-content\/uploads\/2015\/11\/4K9A28211-150x150.jpg\" alt=\"\" width=\"150\" height=\"150\" \/><\/a><\/div><\/div><div class=\"clear\"><\/div><\/div><\/div>\n<p><em>Photo: Michael Renstr\u00f6m, Yngve Johansson \u2013 imega promotion<\/em><\/p>\n","protected":false},"excerpt":{"rendered":"<p>G\u00e4llivarepremi\u00e4ren &#8211; Sprint 2015 G\u00e4llivarepremi\u00e4ren &#8211; Skate 2015 Photo: Michael Renstr\u00f6m, Yngve Johansson \u2013 imega promotion<\/p>\n","protected":false},"author":2,"featured_media":0,"parent":3904,"menu_order":0,"comment_status":"closed","ping_status":"closed","template":"","meta":{"_monsterinsights_skip_tracking":false,"_monsterinsights_sitenote_active":false,"_monsterinsights_sitenote_note":"","_monsterinsights_sitenote_category":0,"footnotes":""},"class_list":["post-4228","page","type-page","status-publish","hentry"],"_links":{"self":[{"href":"https:\/\/sporteventgellivare.com\/en\/wp-json\/wp\/v2\/pages\/4228","targetHints":{"allow":["GET"]}}],"collection":[{"href":"https:\/\/sporteventgellivare.com\/en\/wp-json\/wp\/v2\/pages"}],"about":[{"href":"https:\/\/sporteventgellivare.com\/en\/wp-json\/wp\/v2\/types\/page"}],"author":[{"embeddable":true,"href":"https:\/\/sporteventgellivare.com\/en\/wp-json\/wp\/v2\/users\/2"}],"replies":[{"embeddable":true,"href":"https:\/\/sporteventgellivare.com\/en\/wp-json\/wp\/v2\/comments?post=4228"}],"version-history":[{"count":3,"href":"https:\/\/sporteventgellivare.com\/en\/wp-json\/wp\/v2\/pages\/4228\/revisions"}],"predecessor-version":[{"id":4681,"href":"https:\/\/sporteventgellivare.com\/en\/wp-json\/wp\/v2\/pages\/4228\/revisions\/4681"}],"up":[{"embeddable":true,"href":"https:\/\/sporteventgellivare.com\/en\/wp-json\/wp\/v2\/pages\/3904"}],"wp:attachment":[{"href":"https:\/\/sporteventgellivare.com\/en\/wp-json\/wp\/v2\/media?parent=4228"}],"curies":[{"name":"wp","href":"https:\/\/api.w.org\/{rel}","templated":true}]}}