{"id":4256,"date":"2013-05-31T10:09:29","date_gmt":"2013-05-31T08:09:29","guid":{"rendered":"http:\/\/www.sporteventgellivare.com\/en\/dxr-dundret-extreme-running\/anmalan-dxr-2015\/"},"modified":"2016-03-26T00:10:19","modified_gmt":"2016-03-25T23:10:19","slug":"anmalan-dxr-2016","status":"publish","type":"page","link":"https:\/\/sporteventgellivare.com\/en\/dxr-dundret-extreme-running\/anmalan-dxr-2016\/","title":{"rendered":"Anm\u00e4lan DXR 2016"},"content":{"rendered":"<p>Anm\u00e4lningsfunktionen f\u00f6r DXR\u00a02016 kommer att \u00f6ppna i b\u00f6rjan av april.<\/p>\n<p>K22 kommer att kosta 300 kr (efteranm\u00e4lan 400 kr)<\/p>\n<p>K14 kommer att kosta 250 kr (efteranm\u00e4lan 350 kr)<\/p>\n<p>K2 kommer att kosta 100 kr (efteranm\u00e4lan 150 kr)<\/p>\n","protected":false},"excerpt":{"rendered":"<p>Anm\u00e4lningsfunktionen f\u00f6r DXR\u00a02016 kommer att \u00f6ppna i b\u00f6rjan av april. K22 kommer att kosta 300 kr (efteranm\u00e4lan 400 kr) K14 kommer att kosta 250 kr (efteranm\u00e4lan 350 kr) K2 kommer att kosta 100 kr (efteranm\u00e4lan 150 kr)<\/p>\n","protected":false},"author":2,"featured_media":0,"parent":3860,"menu_order":0,"comment_status":"closed","ping_status":"closed","template":"","meta":{"_monsterinsights_skip_tracking":false,"_monsterinsights_sitenote_active":false,"_monsterinsights_sitenote_note":"","_monsterinsights_sitenote_category":0,"footnotes":""},"class_list":["post-4256","page","type-page","status-publish","hentry"],"_links":{"self":[{"href":"https:\/\/sporteventgellivare.com\/en\/wp-json\/wp\/v2\/pages\/4256","targetHints":{"allow":["GET"]}}],"collection":[{"href":"https:\/\/sporteventgellivare.com\/en\/wp-json\/wp\/v2\/pages"}],"about":[{"href":"https:\/\/sporteventgellivare.com\/en\/wp-json\/wp\/v2\/types\/page"}],"author":[{"embeddable":true,"href":"https:\/\/sporteventgellivare.com\/en\/wp-json\/wp\/v2\/users\/2"}],"replies":[{"embeddable":true,"href":"https:\/\/sporteventgellivare.com\/en\/wp-json\/wp\/v2\/comments?post=4256"}],"version-history":[{"count":1,"href":"https:\/\/sporteventgellivare.com\/en\/wp-json\/wp\/v2\/pages\/4256\/revisions"}],"predecessor-version":[{"id":4259,"href":"https:\/\/sporteventgellivare.com\/en\/wp-json\/wp\/v2\/pages\/4256\/revisions\/4259"}],"up":[{"embeddable":true,"href":"https:\/\/sporteventgellivare.com\/en\/wp-json\/wp\/v2\/pages\/3860"}],"wp:attachment":[{"href":"https:\/\/sporteventgellivare.com\/en\/wp-json\/wp\/v2\/media?parent=4256"}],"curies":[{"name":"wp","href":"https:\/\/api.w.org\/{rel}","templated":true}]}}