{"id":5241,"date":"2017-03-19T06:57:47","date_gmt":"2017-03-19T05:57:47","guid":{"rendered":"http:\/\/www.sporteventgellivare.com\/?page_id=5241\/"},"modified":"2017-05-03T09:39:09","modified_gmt":"2017-05-03T07:39:09","slug":"the-snow-storage-project-2017-2019","status":"publish","type":"page","link":"https:\/\/sporteventgellivare.com\/en\/ski-camp-gallivare\/the-snow-storage-project-2017-2019\/","title":{"rendered":"The Snow Storage Project 2017-2019"},"content":{"rendered":"<p>During January and February approximately 30 000 m\u00b3 of artificial snow is produced and then stored at two prepared storage sites at the Hellner Stadium. The snow is protected by an insulating layer of sawdust to withstand the effects of sun, heat and rain.<\/p>\n<p>The stored snow will be uncovered and delivered to the tracks at the end of October. The opening of the tracks is scheduled for the end of October\/beginning of November.<\/p>\n<p>&nbsp;<\/p>\n<div class=\"totalbusiness-shortcode-wrapper\"><div class=\"totalbusiness-gallery-item totalbusiness-item\" ><div class=\"gallery-column one-fifth column\"><div class=\"gallery-item\"><a href=\"https:\/\/sporteventgellivare.com\/wp-content\/uploads\/2017\/03\/29Q0977.jpg\" data-fancybox-group=\"totalbusiness-gal-1\" data-rel=\"fancybox\" ><img loading=\"lazy\" decoding=\"async\" src=\"https:\/\/sporteventgellivare.com\/wp-content\/uploads\/2017\/03\/29Q0977-150x150.jpg\" alt=\"\" width=\"150\" height=\"150\" \/><\/a><span class=\"gallery-caption\">Januari 2017 - \u00e4ntligen kom kylan!<\/span><\/div><\/div><div class=\"gallery-column one-fifth column\"><div class=\"gallery-item\"><a href=\"https:\/\/sporteventgellivare.com\/wp-content\/uploads\/2017\/03\/29Q0990.jpg\" data-fancybox-group=\"totalbusiness-gal-1\" data-rel=\"fancybox\" ><img loading=\"lazy\" decoding=\"async\" src=\"https:\/\/sporteventgellivare.com\/wp-content\/uploads\/2017\/03\/29Q0990-150x150.jpg\" alt=\"\" width=\"150\" height=\"150\" \/><\/a><span class=\"gallery-caption\">Hellnerstadions sn\u00f6kanoner s\u00e4tts ig\u00e5ng f\u00f6r produktion<\/span><\/div><\/div><div class=\"gallery-column one-fifth column\"><div class=\"gallery-item\"><a href=\"https:\/\/sporteventgellivare.com\/wp-content\/uploads\/2017\/03\/29Q1038.jpg\" data-fancybox-group=\"totalbusiness-gal-1\" data-rel=\"fancybox\" ><img loading=\"lazy\" decoding=\"async\" src=\"https:\/\/sporteventgellivare.com\/wp-content\/uploads\/2017\/03\/29Q1038-150x150.jpg\" alt=\"\" width=\"150\" height=\"150\" \/><\/a><\/div><\/div><div class=\"gallery-column one-fifth column\"><div class=\"gallery-item\"><a href=\"https:\/\/sporteventgellivare.com\/wp-content\/uploads\/2017\/03\/O69A4747.jpg\" data-fancybox-group=\"totalbusiness-gal-1\" data-rel=\"fancybox\" ><img loading=\"lazy\" decoding=\"async\" src=\"https:\/\/sporteventgellivare.com\/wp-content\/uploads\/2017\/03\/O69A4747-150x150.jpg\" alt=\"\" width=\"150\" height=\"150\" \/><\/a><span class=\"gallery-caption\">Redan efter n\u00e5gra dagar b\u00f6rjar h\u00f6garna bli stora<\/span><\/div><\/div><div class=\"gallery-column one-fifth column\"><div class=\"gallery-item\"><a href=\"https:\/\/sporteventgellivare.com\/wp-content\/uploads\/2017\/03\/O69A4752.jpg\" data-fancybox-group=\"totalbusiness-gal-1\" data-rel=\"fancybox\" ><img loading=\"lazy\" decoding=\"async\" src=\"https:\/\/sporteventgellivare.com\/wp-content\/uploads\/2017\/03\/O69A4752-150x150.jpg\" alt=\"\" width=\"150\" height=\"150\" \/><\/a><span class=\"gallery-caption\">En veckas stabil kyla ger resultat<\/span><\/div><\/div><div class=\"clear\"><\/div><div class=\"gallery-column one-fifth column\"><div class=\"gallery-item\"><a href=\"https:\/\/sporteventgellivare.com\/wp-content\/uploads\/2017\/03\/O69A4855.jpg\" data-fancybox-group=\"totalbusiness-gal-1\" data-rel=\"fancybox\" ><img loading=\"lazy\" decoding=\"async\" src=\"https:\/\/sporteventgellivare.com\/wp-content\/uploads\/2017\/03\/O69A4855-150x150.jpg\" alt=\"\" width=\"150\" height=\"150\" \/><\/a><span class=\"gallery-caption\">N\u00e4r temperaturen steg passade vi p\u00e5 att schakta till h\u00f6garna<\/span><\/div><\/div><div class=\"gallery-column one-fifth column\"><div class=\"gallery-item\"><a href=\"https:\/\/sporteventgellivare.com\/wp-content\/uploads\/2017\/03\/O69A4810.jpg\" data-fancybox-group=\"totalbusiness-gal-1\" data-rel=\"fancybox\" ><img loading=\"lazy\" decoding=\"async\" src=\"https:\/\/sporteventgellivare.com\/wp-content\/uploads\/2017\/03\/O69A4810-150x150.jpg\" alt=\"\" width=\"150\" height=\"150\" \/><\/a><span class=\"gallery-caption\">Vi fick v\u00e4nta flera veckor innan produktionen kunde forts\u00e4tta<\/span><\/div><\/div><div class=\"gallery-column one-fifth column\"><div class=\"gallery-item\"><a href=\"https:\/\/sporteventgellivare.com\/wp-content\/uploads\/2017\/03\/O69A4816.jpg\" data-fancybox-group=\"totalbusiness-gal-1\" data-rel=\"fancybox\" ><img loading=\"lazy\" decoding=\"async\" src=\"https:\/\/sporteventgellivare.com\/wp-content\/uploads\/2017\/03\/O69A4816-150x150.jpg\" alt=\"\" width=\"150\" height=\"150\" \/><\/a><span class=\"gallery-caption\">Med \u00e4nnu en k\u00f6ldperiod kunde produktionen slutf\u00f6ras<\/span><\/div><\/div><div class=\"gallery-column one-fifth column\"><div class=\"gallery-item\"><a href=\"https:\/\/sporteventgellivare.com\/wp-content\/uploads\/2017\/03\/O69A4819.jpg\" data-fancybox-group=\"totalbusiness-gal-1\" data-rel=\"fancybox\" ><img loading=\"lazy\" decoding=\"async\" src=\"https:\/\/sporteventgellivare.com\/wp-content\/uploads\/2017\/03\/O69A4819-150x150.jpg\" alt=\"\" width=\"150\" height=\"150\" \/><\/a><span class=\"gallery-caption\">Sista dagen av produktion, nu har vi lagret fyllt<\/span><\/div><\/div><div class=\"gallery-column one-fifth column\"><div class=\"gallery-item\"><a href=\"https:\/\/sporteventgellivare.com\/wp-content\/uploads\/2017\/03\/O69A4848.jpg\" data-fancybox-group=\"totalbusiness-gal-1\" data-rel=\"fancybox\" ><img loading=\"lazy\" decoding=\"async\" src=\"https:\/\/sporteventgellivare.com\/wp-content\/uploads\/2017\/03\/O69A4848-150x150.jpg\" alt=\"\" width=\"150\" height=\"150\" \/><\/a><span class=\"gallery-caption\">\u00c5terst\u00e5r bara att schakta till r\u00e4tt form p\u00e5 h\u00f6garna<\/span><\/div><\/div><div class=\"clear\"><\/div><div class=\"gallery-column one-fifth column\"><div class=\"gallery-item\"><a href=\"https:\/\/sporteventgellivare.com\/wp-content\/uploads\/2017\/03\/DSC_0883.jpg\" data-fancybox-group=\"totalbusiness-gal-1\" data-rel=\"fancybox\" ><img loading=\"lazy\" decoding=\"async\" src=\"https:\/\/sporteventgellivare.com\/wp-content\/uploads\/2017\/03\/DSC_0883-150x150.jpg\" alt=\"\" width=\"150\" height=\"150\" \/><\/a><span class=\"gallery-caption\">F\u00f6rsta veckan i maj b\u00f6rjar t\u00e4ckningen<\/span><\/div><\/div><div class=\"gallery-column one-fifth column\"><div class=\"gallery-item\"><a href=\"https:\/\/sporteventgellivare.com\/wp-content\/uploads\/2017\/03\/DSC_0882_fix.jpg\" data-fancybox-group=\"totalbusiness-gal-1\" data-rel=\"fancybox\" ><img loading=\"lazy\" decoding=\"async\" src=\"https:\/\/sporteventgellivare.com\/wp-content\/uploads\/2017\/03\/DSC_0882_fix-150x150.jpg\" alt=\"\" width=\"150\" height=\"150\" \/><\/a><span class=\"gallery-caption\">2000 kubikmeter s\u00e5gsp\u00e5n ska k\u00f6ras ut<\/span><\/div><\/div><div class=\"gallery-column one-fifth column\"><div class=\"gallery-item\"><a href=\"https:\/\/sporteventgellivare.com\/wp-content\/uploads\/2017\/03\/DSC_0894_fix.jpg\" data-fancybox-group=\"totalbusiness-gal-1\" data-rel=\"fancybox\" ><img loading=\"lazy\" decoding=\"async\" src=\"https:\/\/sporteventgellivare.com\/wp-content\/uploads\/2017\/03\/DSC_0894_fix-150x150.jpg\" alt=\"\" width=\"150\" height=\"150\" \/><\/a><span class=\"gallery-caption\">Med hj\u00e4lp av pistmaskin schaktas sp\u00e5net ut<\/span><\/div><\/div><div class=\"gallery-column one-fifth column\"><div class=\"gallery-item\"><a href=\"https:\/\/sporteventgellivare.com\/wp-content\/uploads\/2017\/03\/DSC_0881_fix.jpg\" data-fancybox-group=\"totalbusiness-gal-1\" data-rel=\"fancybox\" ><img loading=\"lazy\" decoding=\"async\" src=\"https:\/\/sporteventgellivare.com\/wp-content\/uploads\/2017\/03\/DSC_0881_fix-150x150.jpg\" alt=\"\" width=\"150\" height=\"150\" \/><\/a><span class=\"gallery-caption\">Det \u00e4r dagar av jobb att l\u00e4gga ut sp\u00e5net<\/span><\/div><\/div><div class=\"gallery-column one-fifth column\"><div class=\"gallery-item\"><a href=\"https:\/\/sporteventgellivare.com\/wp-content\/uploads\/2017\/03\/4K9A8849.jpg\" data-fancybox-group=\"totalbusiness-gal-1\" data-rel=\"fancybox\" ><img loading=\"lazy\" decoding=\"async\" src=\"https:\/\/sporteventgellivare.com\/wp-content\/uploads\/2017\/03\/4K9A8849-150x150.jpg\" alt=\"\" width=\"150\" height=\"150\" \/><\/a><span class=\"gallery-caption\">Traktor och pistmaskin g\u00f6r jobbet<\/span><\/div><\/div><div class=\"clear\"><\/div><div class=\"gallery-column one-fifth column\"><div class=\"gallery-item\"><a href=\"https:\/\/sporteventgellivare.com\/wp-content\/uploads\/2017\/03\/DSC_0899.jpg\" data-fancybox-group=\"totalbusiness-gal-1\" data-rel=\"fancybox\" ><img loading=\"lazy\" decoding=\"async\" src=\"https:\/\/sporteventgellivare.com\/wp-content\/uploads\/2017\/03\/DSC_0899-150x150.jpg\" alt=\"\" width=\"150\" height=\"150\" \/><\/a><span class=\"gallery-caption\">Sista handp\u00e5l\u00e4ggningen f\u00f6r att f\u00e5 ett 30 cm isolerande lager<\/span><\/div><\/div><div class=\"clear\"><\/div><\/div><\/div>\n","protected":false},"excerpt":{"rendered":"<p>During January and February approximately 30 000 m\u00b3 of artificial snow is produced and then stored at two prepared storage sites at the Hellner Stadium. The snow is protected by an insulating layer of sawdust to withstand the effects of sun, heat and rain. The stored snow will be uncovered and delivered to the tracks&#8230; <\/p>\n<div class=\"clear\"><\/div>\n<p><a href=\"https:\/\/sporteventgellivare.com\/en\/ski-camp-gallivare\/the-snow-storage-project-2017-2019\/\" class=\"excerpt-read-more\">Read More<\/a><\/p>\n","protected":false},"author":2,"featured_media":0,"parent":3906,"menu_order":0,"comment_status":"closed","ping_status":"closed","template":"","meta":{"_monsterinsights_skip_tracking":false,"_monsterinsights_sitenote_active":false,"_monsterinsights_sitenote_note":"","_monsterinsights_sitenote_category":0,"footnotes":""},"class_list":["post-5241","page","type-page","status-publish","hentry"],"_links":{"self":[{"href":"https:\/\/sporteventgellivare.com\/en\/wp-json\/wp\/v2\/pages\/5241","targetHints":{"allow":["GET"]}}],"collection":[{"href":"https:\/\/sporteventgellivare.com\/en\/wp-json\/wp\/v2\/pages"}],"about":[{"href":"https:\/\/sporteventgellivare.com\/en\/wp-json\/wp\/v2\/types\/page"}],"author":[{"embeddable":true,"href":"https:\/\/sporteventgellivare.com\/en\/wp-json\/wp\/v2\/users\/2"}],"replies":[{"embeddable":true,"href":"https:\/\/sporteventgellivare.com\/en\/wp-json\/wp\/v2\/comments?post=5241"}],"version-history":[{"count":3,"href":"https:\/\/sporteventgellivare.com\/en\/wp-json\/wp\/v2\/pages\/5241\/revisions"}],"predecessor-version":[{"id":5419,"href":"https:\/\/sporteventgellivare.com\/en\/wp-json\/wp\/v2\/pages\/5241\/revisions\/5419"}],"up":[{"embeddable":true,"href":"https:\/\/sporteventgellivare.com\/en\/wp-json\/wp\/v2\/pages\/3906"}],"wp:attachment":[{"href":"https:\/\/sporteventgellivare.com\/en\/wp-json\/wp\/v2\/media?parent=5241"}],"curies":[{"name":"wp","href":"https:\/\/api.w.org\/{rel}","templated":true}]}}